{"id":33,"date":"2011-05-03T08:10:18","date_gmt":"2011-05-03T08:10:18","guid":{"rendered":"http:\/\/www.uki-kowalczyk.home.pl\/wp\/?page_id=33"},"modified":"2011-05-16T17:01:04","modified_gmt":"2011-05-16T16:01:04","slug":"bramy-przesuwne","status":"publish","type":"page","link":"http:\/\/www.napedy.abw-serwis.pl\/?page_id=33","title":{"rendered":"Bramy przesuwne"},"content":{"rendered":"<p style=\"text-align: center;\"><strong>Komfort czy konieczno\u015b\u0107 to chyba taki ju\u017c czas na troch\u0119 komfortu w domu lub pracy.<\/strong><\/p>\n<p><img loading=\"lazy\" decoding=\"async\" class=\"aligncenter\" src=\"http:\/\/www.napedy.abw-serwis.pl\/wp-content\/themes\/Sensation\/images\/strony\/przesuwne.jpg\" alt=\"\" width=\"500\" height=\"288\" \/><\/p>\n<p>Z Came i Ditec oraz Nice mo\u017cemy zautomatyzowa\u0107 lub wyposa\u017cy\u0107 ka\u017cd\u0105 bram\u0119 wjazdow\u0105 przesuwn\u0105 czy lekk\u0105 lub ci\u0119\u017ck\u0105, do pracy lekkiej lub intensywnej w <strong>super nap\u0119d<\/strong>. Ka\u017cdy zaproponowany nap\u0119d ma zawsze dla Ciebie <strong>idealne rozwi\u0105zanie<\/strong>: nie denerwuj si\u0119 gdy pada, a musia\u0142by\u015b opu\u015bci\u0107 samoch\u00f3d z pracuj\u0105cym silnikiem na \u015brodku drogi, by otworzy\u0107 lub zamkn\u0105\u0107 bram\u0119 na posesj\u0119, i nie musisz si\u0119 martwi\u0107 je\u015bli zostawi\u0142e\u015b otwart\u0105 bram\u0119, a dzieci lub pies, mog\u0142yby wyskoczy\u0107 na ulic\u0119. Jednym s\u0142owem \u2013 <strong>o wiele mniej k\u0142opot\u00f3w<\/strong>.<\/p>\n","protected":false},"excerpt":{"rendered":"<p>Komfort czy konieczno\u015b\u0107 to chyba taki ju\u017c czas na troch\u0119 komfortu w domu lub pracy. Z Came i Ditec oraz Nice mo\u017cemy zautomatyzowa\u0107 lub wyposa\u017cy\u0107 ka\u017cd\u0105 bram\u0119 wjazdow\u0105 przesuwn\u0105 czy lekk\u0105 lub ci\u0119\u017ck\u0105, do pracy lekkiej lub intensywnej w super nap\u0119d. Ka\u017cdy zaproponowany nap\u0119d ma zawsze dla Ciebie idealne rozwi\u0105zanie: nie denerwuj si\u0119 gdy pada, [&hellip;]<\/p>\n","protected":false},"author":3,"featured_media":0,"parent":0,"menu_order":3,"comment_status":"open","ping_status":"open","template":"","meta":{"footnotes":""},"class_list":["post-33","page","type-page","status-publish","hentry"],"_links":{"self":[{"href":"http:\/\/www.napedy.abw-serwis.pl\/index.php?rest_route=\/wp\/v2\/pages\/33","targetHints":{"allow":["GET"]}}],"collection":[{"href":"http:\/\/www.napedy.abw-serwis.pl\/index.php?rest_route=\/wp\/v2\/pages"}],"about":[{"href":"http:\/\/www.napedy.abw-serwis.pl\/index.php?rest_route=\/wp\/v2\/types\/page"}],"author":[{"embeddable":true,"href":"http:\/\/www.napedy.abw-serwis.pl\/index.php?rest_route=\/wp\/v2\/users\/3"}],"replies":[{"embeddable":true,"href":"http:\/\/www.napedy.abw-serwis.pl\/index.php?rest_route=%2Fwp%2Fv2%2Fcomments&post=33"}],"version-history":[{"count":11,"href":"http:\/\/www.napedy.abw-serwis.pl\/index.php?rest_route=\/wp\/v2\/pages\/33\/revisions"}],"predecessor-version":[{"id":151,"href":"http:\/\/www.napedy.abw-serwis.pl\/index.php?rest_route=\/wp\/v2\/pages\/33\/revisions\/151"}],"wp:attachment":[{"href":"http:\/\/www.napedy.abw-serwis.pl\/index.php?rest_route=%2Fwp%2Fv2%2Fmedia&parent=33"}],"curies":[{"name":"wp","href":"https:\/\/api.w.org\/{rel}","templated":true}]}}