{"id":20,"date":"2011-05-03T08:07:58","date_gmt":"2011-05-03T08:07:58","guid":{"rendered":"http:\/\/www.uki-kowalczyk.home.pl\/wp\/?page_id=20"},"modified":"2011-12-04T00:08:40","modified_gmt":"2011-12-03T23:08:40","slug":"o-firmie-2","status":"publish","type":"page","link":"http:\/\/www.napedy.abw-serwis.pl\/","title":{"rendered":"O firmie"},"content":{"rendered":"<p style=\"text-align: center;\">Witamy serdecznie na stronach internetowych serwisu <strong><a href=\"http:\/\/www.napedy.abw-serwis.pl\">www.napedy.abw-serwis.pl<\/a><\/strong>.<\/p>\n<p style=\"text-align: center;\">Serwis ten jest w\u0142asno\u015bci\u0105 firmy <strong>ABW Serwis Joanna B\u0105czyk<\/strong>.<\/p>\n<p>Na naszej stronie mog\u0105 Pa\u0144stwo kupi\u0107 automatyk\u0119 do bram przesuwnych, skrzyd\u0142owych, gara\u017cowych oraz przemys\u0142owych. W ofercie znajduj\u0105 si\u0119 tak\u017ce zapory drogowe (szlabany, rogatki oraz blokady parkingowe).<br \/>\nDodatkowo w ci\u0105g\u0142ej sprzeda\u017cy oferujemy domofony, wideodomofony oraz kontrol\u0119 dost\u0119pu i akcesoria.<\/p>\n<p>Ca\u0142y czas staramy si\u0119 uzupe\u0142nia\u0107 nasz\u0105 ofert\u0119, aby zaspokoi\u0107 potrzeby ka\u017cdego klienta.<\/p>\n<p>Dbamy, aby oferowany przez nas towar by\u0142 najwy\u017cszej jako\u015bci i spe\u0142nia\u0142 wysokie wymagania Klient\u00f3w. Wyroby posiadaj\u0105 niezb\u0119dne \u015bwiadectwa stwierdzaj\u0105ce spe\u0142nienie polskich norm w zakresie ich dopuszczania do stosowania w budownictwie.<\/p>\n<p>Dysponujemy wykwalifikowanym personelem monta\u017cowym i specjalistycznym serwisem. Jeste\u015bmy przedstawicielem firm: NICE, DITEC, CAME, BENINCA. Zajmujemy si\u0119 sprzeda\u017c\u0105 i monta\u017cem oraz serwisem gwarancyjnym i pogwarancyjnym produkt\u00f3w tych firm na terenie Dolnego \u015al\u0105ska.<\/p>\n<p style=\"text-align: center;\"><strong>Montujemy automatyk\u0119 i urz\u0105dzenia do bram w promieniu 200 km od Wroc\u0142awia.<\/strong><\/p>\n","protected":false},"excerpt":{"rendered":"<p>Witamy serdecznie na stronach internetowych serwisu www.napedy.abw-serwis.pl. Serwis ten jest w\u0142asno\u015bci\u0105 firmy ABW Serwis Joanna B\u0105czyk. Na naszej stronie mog\u0105 Pa\u0144stwo kupi\u0107 automatyk\u0119 do bram przesuwnych, skrzyd\u0142owych, gara\u017cowych oraz przemys\u0142owych. W ofercie znajduj\u0105 si\u0119 tak\u017ce zapory drogowe (szlabany, rogatki oraz blokady parkingowe). Dodatkowo w ci\u0105g\u0142ej sprzeda\u017cy oferujemy domofony, wideodomofony oraz kontrol\u0119 dost\u0119pu i akcesoria. Ca\u0142y [&hellip;]<\/p>\n","protected":false},"author":3,"featured_media":0,"parent":0,"menu_order":0,"comment_status":"open","ping_status":"open","template":"","meta":{"footnotes":""},"class_list":["post-20","page","type-page","status-publish","hentry"],"_links":{"self":[{"href":"http:\/\/www.napedy.abw-serwis.pl\/index.php?rest_route=\/wp\/v2\/pages\/20","targetHints":{"allow":["GET"]}}],"collection":[{"href":"http:\/\/www.napedy.abw-serwis.pl\/index.php?rest_route=\/wp\/v2\/pages"}],"about":[{"href":"http:\/\/www.napedy.abw-serwis.pl\/index.php?rest_route=\/wp\/v2\/types\/page"}],"author":[{"embeddable":true,"href":"http:\/\/www.napedy.abw-serwis.pl\/index.php?rest_route=\/wp\/v2\/users\/3"}],"replies":[{"embeddable":true,"href":"http:\/\/www.napedy.abw-serwis.pl\/index.php?rest_route=%2Fwp%2Fv2%2Fcomments&post=20"}],"version-history":[{"count":28,"href":"http:\/\/www.napedy.abw-serwis.pl\/index.php?rest_route=\/wp\/v2\/pages\/20\/revisions"}],"predecessor-version":[{"id":171,"href":"http:\/\/www.napedy.abw-serwis.pl\/index.php?rest_route=\/wp\/v2\/pages\/20\/revisions\/171"}],"wp:attachment":[{"href":"http:\/\/www.napedy.abw-serwis.pl\/index.php?rest_route=%2Fwp%2Fv2%2Fmedia&parent=20"}],"curies":[{"name":"wp","href":"https:\/\/api.w.org\/{rel}","templated":true}]}}