{"id":12,"date":"2011-05-03T08:06:39","date_gmt":"2011-05-03T08:06:39","guid":{"rendered":"http:\/\/www.uki-kowalczyk.home.pl\/wp\/?page_id=12"},"modified":"2011-05-09T10:12:17","modified_gmt":"2011-05-09T10:12:17","slug":"o-firmie","status":"publish","type":"page","link":"http:\/\/www.napedy.abw-serwis.pl\/?page_id=12","title":{"rendered":"Formularz kontaktowy"},"content":{"rendered":"<p>W celu uzyskania pe\u0142nej informacji na temat naszych produkt\u00f3w i us\u0142ug prosz\u0119  wype\u0142ni\u0107 poni\u017cszy formularz. Nasz pracownik ch\u0119tnie skontaktuje si\u0119  z Pa\u0144stwem i udzieli szczeg\u00f3\u0142owych informacji na temat naszej oferty.<\/p>\n\n<div class=\"wpcf7 no-js\" id=\"wpcf7-f169-o1\" lang=\"\" dir=\"ltr\" data-wpcf7-id=\"169\">\n<div class=\"screen-reader-response\"><p role=\"status\" aria-live=\"polite\" aria-atomic=\"true\"><\/p> <ul><\/ul><\/div>\n<form action=\"\/index.php?rest_route=%2Fwp%2Fv2%2Fpages%2F12#wpcf7-f169-o1\" method=\"post\" class=\"wpcf7-form init\" aria-label=\"Contact form\" novalidate=\"novalidate\" data-status=\"init\">\n<fieldset class=\"hidden-fields-container\"><input type=\"hidden\" name=\"_wpcf7\" value=\"169\" \/><input type=\"hidden\" name=\"_wpcf7_version\" value=\"6.1.4\" \/><input type=\"hidden\" name=\"_wpcf7_locale\" value=\"\" \/><input type=\"hidden\" name=\"_wpcf7_unit_tag\" value=\"wpcf7-f169-o1\" \/><input type=\"hidden\" name=\"_wpcf7_container_post\" value=\"0\" \/><input type=\"hidden\" name=\"_wpcf7_posted_data_hash\" value=\"\" \/>\n<\/fieldset>\n<div style=\"padding: 30px 0 20px 150px; letter-spacing: 1.1px;\">\n\t<p>Dane osobowe: (wymagane)\n\t<\/p>\n\t<p><span class=\"wpcf7-form-control-wrap\" data-name=\"your-name\"><input size=\"40\" maxlength=\"400\" class=\"wpcf7-form-control wpcf7-text wpcf7-validates-as-required\" aria-required=\"true\" aria-invalid=\"false\" value=\"\" type=\"text\" name=\"your-name\" \/><\/span>\n\t<\/p>\n\t<p>Adres e-mail: (wymagane)\n\t<\/p>\n\t<p><span class=\"wpcf7-form-control-wrap\" data-name=\"your-email\"><input size=\"40\" maxlength=\"400\" class=\"wpcf7-form-control wpcf7-email wpcf7-validates-as-required wpcf7-text wpcf7-validates-as-email\" aria-required=\"true\" aria-invalid=\"false\" value=\"\" type=\"email\" name=\"your-email\" \/><\/span>\n\t<\/p>\n\t<p>Numer telefonu: (wymagane)\n\t<\/p>\n\t<p><span class=\"wpcf7-form-control-wrap\" data-name=\"your-subject\"><input size=\"40\" maxlength=\"400\" class=\"wpcf7-form-control wpcf7-text wpcf7-validates-as-required\" aria-required=\"true\" aria-invalid=\"false\" value=\"\" type=\"text\" name=\"your-subject\" \/><\/span>\n\t<\/p>\n\t<p>Tre\u015b\u0107 wiadomo\u015bci: (wymagane)\n\t<\/p>\n\t<p><span class=\"wpcf7-form-control-wrap\" data-name=\"your-message\"><textarea cols=\"40\" rows=\"10\" maxlength=\"2000\" class=\"wpcf7-form-control wpcf7-textarea wpcf7-validates-as-required\" aria-required=\"true\" aria-invalid=\"false\" name=\"your-message\"><\/textarea><\/span>\n\t<\/p>\n\t<p><input class=\"wpcf7-form-control wpcf7-submit has-spinner wyslij\" type=\"submit\" value=\"Wy\u015blij\" \/>\n\t<\/p>\n<\/div><div class=\"wpcf7-response-output\" aria-hidden=\"true\"><\/div>\n<\/form>\n<\/div>\n\n","protected":false},"excerpt":{"rendered":"<p>W celu uzyskania pe\u0142nej informacji na temat naszych produkt\u00f3w i us\u0142ug prosz\u0119 wype\u0142ni\u0107 poni\u017cszy formularz. Nasz pracownik ch\u0119tnie skontaktuje si\u0119 z Pa\u0144stwem i udzieli szczeg\u00f3\u0142owych informacji na temat naszej oferty.<\/p>\n","protected":false},"author":3,"featured_media":0,"parent":0,"menu_order":7,"comment_status":"open","ping_status":"open","template":"","meta":{"footnotes":""},"class_list":["post-12","page","type-page","status-publish","hentry"],"_links":{"self":[{"href":"http:\/\/www.napedy.abw-serwis.pl\/index.php?rest_route=\/wp\/v2\/pages\/12","targetHints":{"allow":["GET"]}}],"collection":[{"href":"http:\/\/www.napedy.abw-serwis.pl\/index.php?rest_route=\/wp\/v2\/pages"}],"about":[{"href":"http:\/\/www.napedy.abw-serwis.pl\/index.php?rest_route=\/wp\/v2\/types\/page"}],"author":[{"embeddable":true,"href":"http:\/\/www.napedy.abw-serwis.pl\/index.php?rest_route=\/wp\/v2\/users\/3"}],"replies":[{"embeddable":true,"href":"http:\/\/www.napedy.abw-serwis.pl\/index.php?rest_route=%2Fwp%2Fv2%2Fcomments&post=12"}],"version-history":[{"count":9,"href":"http:\/\/www.napedy.abw-serwis.pl\/index.php?rest_route=\/wp\/v2\/pages\/12\/revisions"}],"predecessor-version":[{"id":70,"href":"http:\/\/www.napedy.abw-serwis.pl\/index.php?rest_route=\/wp\/v2\/pages\/12\/revisions\/70"}],"wp:attachment":[{"href":"http:\/\/www.napedy.abw-serwis.pl\/index.php?rest_route=%2Fwp%2Fv2%2Fmedia&parent=12"}],"curies":[{"name":"wp","href":"https:\/\/api.w.org\/{rel}","templated":true}]}}